{"id":59,"date":"2023-12-21T21:38:51","date_gmt":"2023-12-21T20:38:51","guid":{"rendered":"https:\/\/marihuana.earth\/?page_id=59"},"modified":"2023-12-21T21:38:53","modified_gmt":"2023-12-21T20:38:53","slug":"thc","status":"publish","type":"page","link":"https:\/\/marihuana.earth\/?page_id=59","title":{"rendered":"THC"},"content":{"rendered":"\n  \n    <section class=\"u-carousel u-slide u-valign-middle u-block-95ce-1\" id=\"carousel-6dc6\" data-interval=\"5000\" data-u-ride=\"carousel\">\n      <ol class=\"u-absolute-hcenter u-carousel-indicators u-block-95ce-2\">\n        <li data-u-target=\"#carousel-6dc6\" class=\"u-active u-grey-30\" data-u-slide-to=\"0\"><\/li>\n      <\/ol>\n      <div class=\"u-carousel-inner\" role=\"listbox\">\n        <div class=\"u-active u-align-center u-carousel-item u-clearfix u-image u-shading u-section-1-1\" src=\"\" data-image-width=\"4480\" data-image-height=\"5600\" style=\"background-image: linear-gradient(0deg, rgba(0, 0, 0, 0.4), rgba(0, 0, 0, 0.4)), url(&quot;https:\/\/marihuana.earth\/wp-content\/uploads\/2023\/12\/close-up-adult-male-swallowing-drops-2.jpeg&quot;);\">\n          <div class=\"u-clearfix u-sheet u-sheet-1\"><\/div>\n        <\/div>\n      <\/div>\n      <a class=\"u-absolute-vcenter u-black u-carousel-control u-carousel-control-prev u-hidden u-icon-circle u-text-palette-2-base u-block-95ce-3\" href=\"#carousel-6dc6\" role=\"button\" data-u-slide=\"prev\">\n        <span aria-hidden=\"true\">\n          <svg viewBox=\"0 0 129 129\"><path d=\"m64.5,122.6c32,0 58.1-26 58.1-58.1s-26-58-58.1-58-58,26-58,58 26,58.1 58,58.1zm0-108c27.5,5.32907e-15 49.9,22.4 49.9,49.9s-22.4,49.9-49.9,49.9-49.9-22.4-49.9-49.9 22.4-49.9 49.9-49.9z\"><\/path><path d=\"m70,93.5c0.8,0.8 1.8,1.2 2.9,1.2 1,0 2.1-0.4 2.9-1.2 1.6-1.6 1.6-4.2 0-5.8l-23.5-23.5 23.5-23.5c1.6-1.6 1.6-4.2 0-5.8s-4.2-1.6-5.8,0l-26.4,26.4c-0.8,0.8-1.2,1.8-1.2,2.9s0.4,2.1 1.2,2.9l26.4,26.4z\"><\/path><\/svg>\n        <\/span>\n        <span class=\"sr-only\">\n          <svg viewBox=\"0 0 129 129\"><path d=\"m64.5,122.6c32,0 58.1-26 58.1-58.1s-26-58-58.1-58-58,26-58,58 26,58.1 58,58.1zm0-108c27.5,5.32907e-15 49.9,22.4 49.9,49.9s-22.4,49.9-49.9,49.9-49.9-22.4-49.9-49.9 22.4-49.9 49.9-49.9z\"><\/path><path d=\"m70,93.5c0.8,0.8 1.8,1.2 2.9,1.2 1,0 2.1-0.4 2.9-1.2 1.6-1.6 1.6-4.2 0-5.8l-23.5-23.5 23.5-23.5c1.6-1.6 1.6-4.2 0-5.8s-4.2-1.6-5.8,0l-26.4,26.4c-0.8,0.8-1.2,1.8-1.2,2.9s0.4,2.1 1.2,2.9l26.4,26.4z\"><\/path><\/svg>\n        <\/span>\n      <\/a>\n      <a class=\"u-black u-carousel-control u-carousel-control-next u-hidden u-icon-circle u-text-palette-2-base u-block-95ce-4\" href=\"#carousel-6dc6\" role=\"button\" data-u-slide=\"next\">\n        <span aria-hidden=\"true\">\n          <svg viewBox=\"0 0 129 129\"><path d=\"M64.5,122.6c32,0,58.1-26,58.1-58.1S96.5,6.4,64.5,6.4S6.4,32.5,6.4,64.5S32.5,122.6,64.5,122.6z M64.5,14.6    c27.5,0,49.9,22.4,49.9,49.9S92,114.4,64.5,114.4S14.6,92,14.6,64.5S37,14.6,64.5,14.6z\"><\/path><path d=\"m51.1,93.5c0.8,0.8 1.8,1.2 2.9,1.2 1,0 2.1-0.4 2.9-1.2l26.4-26.4c0.8-0.8 1.2-1.8 1.2-2.9 0-1.1-0.4-2.1-1.2-2.9l-26.4-26.4c-1.6-1.6-4.2-1.6-5.8,0-1.6,1.6-1.6,4.2 0,5.8l23.5,23.5-23.5,23.5c-1.6,1.6-1.6,4.2 0,5.8z\"><\/path><\/svg>\n        <\/span>\n        <span class=\"sr-only\">\n          <svg viewBox=\"0 0 129 129\"><path d=\"M64.5,122.6c32,0,58.1-26,58.1-58.1S96.5,6.4,64.5,6.4S6.4,32.5,6.4,64.5S32.5,122.6,64.5,122.6z M64.5,14.6    c27.5,0,49.9,22.4,49.9,49.9S92,114.4,64.5,114.4S14.6,92,14.6,64.5S37,14.6,64.5,14.6z\"><\/path><path d=\"m51.1,93.5c0.8,0.8 1.8,1.2 2.9,1.2 1,0 2.1-0.4 2.9-1.2l26.4-26.4c0.8-0.8 1.2-1.8 1.2-2.9 0-1.1-0.4-2.1-1.2-2.9l-26.4-26.4c-1.6-1.6-4.2-1.6-5.8,0-1.6,1.6-1.6,4.2 0,5.8l23.5,23.5-23.5,23.5c-1.6,1.6-1.6,4.2 0,5.8z\"><\/path><\/svg>\n        <\/span>\n      <\/a>\n    <\/section>\n    <section class=\"u-clearfix u-palette-3-base u-section-2\" id=\"sec-3ce5\">\n      <div class=\"u-clearfix u-sheet u-valign-middle u-sheet-1\">\n        <h3 class=\"u-text u-text-1\"> THC (Tetrahydrokannabinol)<\/h3>\n        <p class=\"u-text u-text-2\"> Termin \"wolny od THC\" oznacza technicznie, \u017ce produkt nie zawiera \"kwantyfikowalnej\" lub \"wykrywalnej\" ilo\u015bci THC - nie oznacza to, \u017ce zawiera absolutnie 0% THC. Dotyczy to ka\u017cdego dost\u0119pnego na rynku produktu CBD o szerokim spektrum dzia\u0142ania, poniewa\u017c CBD jest pozyskiwany z ro\u015blin wraz z wieloma innymi sk\u0142adnikami ro\u015blinnymi, w tym innymi kannabinoidami, takimi jak THC. Chemia i jako\u015b\u0107 sprz\u0119tu laboratoryjnego mog\u0105 pom\u00f3c w dok\u0142adniejszym zdefiniowaniu znaczenia terminu \"wolny od THC\", a tak\u017ce uzasadni\u0107, dlaczego termin ten jest odpowiedni dla niekt\u00f3rych produkt\u00f3w CBD.<br>\n          <br>\n          <span style=\"font-style: italic;\">S\u0142awomir -&nbsp;konopie.LIFE<\/span>\n        <\/p>\n      <\/div>\n    <\/section>\n    <section class=\"u-clearfix u-palette-3-base u-section-3\" id=\"carousel_9dcd\">\n      <div class=\"u-clearfix u-sheet u-valign-middle u-sheet-1\">\n        <h3 class=\"u-text u-text-1\"> CBD a THC: kr\u00f3tki przegl\u0105d<\/h3>\n        <p class=\"u-text u-text-2\">v<span style=\"font-weight: 700;\"><\/span>CBD to tylko jeden z ponad 100 kannabinoid\u00f3w zawartych w ro\u015blinach konopi. Jest to r\u00f3wnie\u017c drugi, obok THC, najwa\u017cniejszy sk\u0142adnik aktywny.<br>\n          <br>Konsumenci s\u0105 coraz bardziej zainteresowani r\u00f3\u017cnicami mi\u0119dzy CBD a THC. Istnieje du\u017ca grupa u\u017cytkownik\u00f3w, kt\u00f3rzy \u0142\u0105cz\u0105 te dwie cz\u0105steczki, aby zmaksymalizowa\u0107 efekty dzia\u0142ania swoich ekstrakt\u00f3w z konopi.<br>\n          <br>CBD i THC maj\u0105 struktur\u0119 molekularn\u0105 podobn\u0105 do kannabinoid\u00f3w wytwarzanych przez uk\u0142ad endokannabinoidowy (ECS) w organizmie. (ECS) - st\u0105d ich szeroki zakres w\u0142a\u015bciwo\u015bci terapeutycznych.<br>\n          <br>W tym przewodniku om\u00f3wimy g\u0142\u00f3wne r\u00f3\u017cnice mi\u0119dzy CBD i THC, wyja\u015bniaj\u0105c ich korzy\u015bci, zastosowania, profil bezpiecze\u0144stwa, status prawny i inne. Om\u00f3wimy r\u00f3wnie\u017c mechanizmy, za pomoc\u0105 kt\u00f3rych oba kannabinoidy reguluj\u0105 wa\u017cne procesy w organizmie.<br>\n          <br>\n          <span style=\"font-weight: 700;\">CBD a THC<\/span>\n          <br>\n          <br>CBD i THC maj\u0105 niemal identyczn\u0105 struktur\u0119 chemiczn\u0105. Sk\u0142adaj\u0105 si\u0119 one z 30 atom\u00f3w wodoru, 21 atom\u00f3w w\u0119gla i 2 atom\u00f3w tlenu. Atomy te s\u0105 jednak inaczej u\u0142o\u017cone, co oznacza, \u017ce CBD i THC maj\u0105 inne w\u0142a\u015bciwo\u015bci.<br>\n          <br>Je\u015bli nigdy wcze\u015bniej nie stosowa\u0142e\u015b kannabinoid\u00f3w, poni\u017cej wyja\u015bniamy podstawy:<br>\n          <br>\n          <span style=\"font-weight: 700;\">Co to jest CBD?<\/span>\n          <br>\n          <br>CBD to skr\u00f3t od kannabidiolu, nietoksycznego kannabinoidu syntetyzowanego przez ro\u015bliny konopi.<br>\n          <br>Brak w\u0142a\u015bciwo\u015bci psychoaktywnych oznacza, \u017ce CBD nie powoduje takiego haju, jaki kojarzy si\u0119 z marihuan\u0105. Je\u015bli jednak za\u017cywasz olej CBD wytwarzany z konopi, nie musisz si\u0119 martwi\u0107, \u017ce si\u0119 na\u0107pasz, poniewa\u017c produkty te zawieraj\u0105 0,3% THC lub mniej.<br>\n          <br>Ekstrakty CBD, kt\u00f3re spe\u0142niaj\u0105 limit THC, s\u0105 legalne na poziomie federalnym dzi\u0119ki ustawie Farm Bill z 2018 r.<br>\n          <br>CBD ma szeroki zakres w\u0142a\u015bciwo\u015bci terapeutycznych. Je\u015bli jednak wspomina si\u0119 o CBD, to zazwyczaj m\u00f3wi si\u0119 o jego zastosowaniu w celach zdrowotnych i zdrowotnych, a nie rekreacyjnych.<br>\n          <br>\n          <span style=\"font-weight: 700;\">Co to jest THC?<\/span>\n          <br>\n          <br>THC - czyli delta-9-tetrahydrokannabinol - to g\u0142\u00f3wny aktywny sk\u0142adnik ro\u015bliny marihuany. Jest ona odpowiedzialna za g\u0142\u0119boko relaksuj\u0105ce i euforyczne odczucia zwi\u0105zane z dabbingiem.<br>\n          <br>Ma r\u00f3wnie\u017c w\u0142a\u015bciwo\u015bci przeciwb\u00f3lowe, pobudzaj\u0105ce apetyt i uspokajaj\u0105ce. THC nie jest jedynym kannabinoidem, kt\u00f3ry mo\u017ce wywo\u0142a\u0107 haj, ale jest jedynym, kt\u00f3ry wyst\u0119puje w st\u0119\u017ceniu wystarczaj\u0105co wysokim, aby wywo\u0142a\u0107 haj. Z tego powodu THC od dawna kojarzone jest z u\u017cywaniem rekreacyjnym.<br>\n          <br>Niemniej jednak CBD ma r\u00f3wnie\u017c wiele udokumentowanych korzy\u015bci terapeutycznych. Jego w\u0142a\u015bciwo\u015bci poznawcze i poprawiaj\u0105ce nastr\u00f3j mog\u0105 pom\u00f3c pacjentom z wieloma dolegliwo\u015bciami fizycznymi i psychicznymi.<br>\n        <\/p>\n      <\/div>\n    <\/section>\n    \n    \n    \n    \n  \n","protected":false},"excerpt":{"rendered":"<p>THC (Tetrahydrokannabinol) Termin &#8222;wolny od THC&#8221; oznacza technicznie, \u017ce produkt nie zawiera &#8222;kwantyfikowalnej&#8221; lub &#8222;wykrywalnej&#8221; ilo\u015bci THC &#8211; nie oznacza to, \u017ce zawiera absolutnie 0% THC. Dotyczy to ka\u017cdego dost\u0119pnego na rynku produktu CBD o szerokim spektrum dzia\u0142ania, poniewa\u017c CBD jest pozyskiwany z ro\u015blin wraz z wieloma innymi sk\u0142adnikami ro\u015blinnymi, w tym innymi kannabinoidami, takimi &hellip; <a href=\"https:\/\/marihuana.earth\/?page_id=59\" class=\"more-link\">Continue reading<span class=\"screen-reader-text\"> &#8222;THC&#8221;<\/span><\/a><\/p>\n","protected":false},"author":1,"featured_media":0,"parent":0,"menu_order":8,"comment_status":"closed","ping_status":"closed","template":"","meta":{"footnotes":""},"class_list":["post-59","page","type-page","status-publish","hentry"],"_links":{"self":[{"href":"https:\/\/marihuana.earth\/index.php?rest_route=\/wp\/v2\/pages\/59","targetHints":{"allow":["GET"]}}],"collection":[{"href":"https:\/\/marihuana.earth\/index.php?rest_route=\/wp\/v2\/pages"}],"about":[{"href":"https:\/\/marihuana.earth\/index.php?rest_route=\/wp\/v2\/types\/page"}],"author":[{"embeddable":true,"href":"https:\/\/marihuana.earth\/index.php?rest_route=\/wp\/v2\/users\/1"}],"replies":[{"embeddable":true,"href":"https:\/\/marihuana.earth\/index.php?rest_route=%2Fwp%2Fv2%2Fcomments&post=59"}],"version-history":[{"count":1,"href":"https:\/\/marihuana.earth\/index.php?rest_route=\/wp\/v2\/pages\/59\/revisions"}],"predecessor-version":[{"id":74,"href":"https:\/\/marihuana.earth\/index.php?rest_route=\/wp\/v2\/pages\/59\/revisions\/74"}],"wp:attachment":[{"href":"https:\/\/marihuana.earth\/index.php?rest_route=%2Fwp%2Fv2%2Fmedia&parent=59"}],"curies":[{"name":"wp","href":"https:\/\/api.w.org\/{rel}","templated":true}]}}