{"id":57,"date":"2023-12-21T21:38:49","date_gmt":"2023-12-21T20:38:49","guid":{"rendered":"https:\/\/marihuana.earth\/?page_id=57"},"modified":"2023-12-23T19:20:15","modified_gmt":"2023-12-23T18:20:15","slug":"wege","status":"publish","type":"page","link":"https:\/\/marihuana.earth\/?page_id=57","title":{"rendered":"wege"},"content":{"rendered":"\n  \n    <section class=\"u-carousel u-slide u-valign-middle u-block-3d31-1\" id=\"carousel-581b\" data-interval=\"5000\" data-u-ride=\"carousel\">\n      <ol class=\"u-absolute-hcenter u-carousel-indicators u-block-3d31-2\">\n        <li data-u-target=\"#carousel-581b\" class=\"u-active u-grey-30\" data-u-slide-to=\"0\"><\/li>\n      <\/ol>\n      <div class=\"u-carousel-inner\" role=\"listbox\">\n        <div class=\"u-active u-align-center u-carousel-item u-clearfix u-image u-shading u-section-1-1\" src=\"\" data-image-width=\"1920\" data-image-height=\"1279\" style=\"background-image: linear-gradient(0deg, rgba(0, 0, 0, 0.4), rgba(0, 0, 0, 0.4)), url(&quot;https:\/\/marihuana.earth\/wp-content\/uploads\/2023\/12\/mbr-8-2.jpg&quot;);\">\n          <div class=\"u-clearfix u-sheet u-sheet-1\"><\/div>\n        <\/div>\n      <\/div>\n      <a class=\"u-absolute-vcenter u-black u-carousel-control u-carousel-control-prev u-hidden u-icon-circle u-text-palette-2-base u-block-3d31-3\" href=\"#carousel-581b\" role=\"button\" data-u-slide=\"prev\">\n        <span aria-hidden=\"true\">\n          <svg viewBox=\"0 0 129 129\"><path d=\"m64.5,122.6c32,0 58.1-26 58.1-58.1s-26-58-58.1-58-58,26-58,58 26,58.1 58,58.1zm0-108c27.5,5.32907e-15 49.9,22.4 49.9,49.9s-22.4,49.9-49.9,49.9-49.9-22.4-49.9-49.9 22.4-49.9 49.9-49.9z\"><\/path><path d=\"m70,93.5c0.8,0.8 1.8,1.2 2.9,1.2 1,0 2.1-0.4 2.9-1.2 1.6-1.6 1.6-4.2 0-5.8l-23.5-23.5 23.5-23.5c1.6-1.6 1.6-4.2 0-5.8s-4.2-1.6-5.8,0l-26.4,26.4c-0.8,0.8-1.2,1.8-1.2,2.9s0.4,2.1 1.2,2.9l26.4,26.4z\"><\/path><\/svg>\n        <\/span>\n        <span class=\"sr-only\">\n          <svg viewBox=\"0 0 129 129\"><path d=\"m64.5,122.6c32,0 58.1-26 58.1-58.1s-26-58-58.1-58-58,26-58,58 26,58.1 58,58.1zm0-108c27.5,5.32907e-15 49.9,22.4 49.9,49.9s-22.4,49.9-49.9,49.9-49.9-22.4-49.9-49.9 22.4-49.9 49.9-49.9z\"><\/path><path d=\"m70,93.5c0.8,0.8 1.8,1.2 2.9,1.2 1,0 2.1-0.4 2.9-1.2 1.6-1.6 1.6-4.2 0-5.8l-23.5-23.5 23.5-23.5c1.6-1.6 1.6-4.2 0-5.8s-4.2-1.6-5.8,0l-26.4,26.4c-0.8,0.8-1.2,1.8-1.2,2.9s0.4,2.1 1.2,2.9l26.4,26.4z\"><\/path><\/svg>\n        <\/span>\n      <\/a>\n      <a class=\"u-black u-carousel-control u-carousel-control-next u-hidden u-icon-circle u-text-palette-2-base u-block-3d31-4\" href=\"#carousel-581b\" role=\"button\" data-u-slide=\"next\">\n        <span aria-hidden=\"true\">\n          <svg viewBox=\"0 0 129 129\"><path d=\"M64.5,122.6c32,0,58.1-26,58.1-58.1S96.5,6.4,64.5,6.4S6.4,32.5,6.4,64.5S32.5,122.6,64.5,122.6z M64.5,14.6    c27.5,0,49.9,22.4,49.9,49.9S92,114.4,64.5,114.4S14.6,92,14.6,64.5S37,14.6,64.5,14.6z\"><\/path><path d=\"m51.1,93.5c0.8,0.8 1.8,1.2 2.9,1.2 1,0 2.1-0.4 2.9-1.2l26.4-26.4c0.8-0.8 1.2-1.8 1.2-2.9 0-1.1-0.4-2.1-1.2-2.9l-26.4-26.4c-1.6-1.6-4.2-1.6-5.8,0-1.6,1.6-1.6,4.2 0,5.8l23.5,23.5-23.5,23.5c-1.6,1.6-1.6,4.2 0,5.8z\"><\/path><\/svg>\n        <\/span>\n        <span class=\"sr-only\">\n          <svg viewBox=\"0 0 129 129\"><path d=\"M64.5,122.6c32,0,58.1-26,58.1-58.1S96.5,6.4,64.5,6.4S6.4,32.5,6.4,64.5S32.5,122.6,64.5,122.6z M64.5,14.6    c27.5,0,49.9,22.4,49.9,49.9S92,114.4,64.5,114.4S14.6,92,14.6,64.5S37,14.6,64.5,14.6z\"><\/path><path d=\"m51.1,93.5c0.8,0.8 1.8,1.2 2.9,1.2 1,0 2.1-0.4 2.9-1.2l26.4-26.4c0.8-0.8 1.2-1.8 1.2-2.9 0-1.1-0.4-2.1-1.2-2.9l-26.4-26.4c-1.6-1.6-4.2-1.6-5.8,0-1.6,1.6-1.6,4.2 0,5.8l23.5,23.5-23.5,23.5c-1.6,1.6-1.6,4.2 0,5.8z\"><\/path><\/svg>\n        <\/span>\n      <\/a>\n    <\/section>\n    <section class=\"u-clearfix u-palette-3-base u-section-2\" id=\"sec-3ce5\">\n      <div class=\"u-clearfix u-sheet u-valign-middle u-sheet-1\">\n        <h3 class=\"u-text u-text-1\">WEGE?<\/h3>\n        <p class=\"u-text u-text-2\"> Od dzieci\u0144stwa uczymy si\u0119 rozr\u00f3\u017cnia\u0107 owoce i warzywa. Dla dziecka rozr\u00f3\u017cnienie mi\u0119dzy owocami i warzywami wydaje si\u0119 \u0142atwe. Owoce s\u0105 zazwyczaj s\u0142odkie, warzywa nie. Potem pojawiaj\u0105 si\u0119 warzywa, kt\u00f3re tak naprawd\u0119 s\u0105 owocami, jak pomidor, i wszystko, czego si\u0119 nauczyli\u015bmy, zostaje wyrzucone przez okno. Granice mi\u0119dzy owocami i warzywami coraz bardziej si\u0119 zacieraj\u0105 i okazuje si\u0119, \u017ce wiele zale\u017cy od tego, z jakim ogrodnikiem lub kucharzem rozmawiamy, aby je dok\u0142adniej zdefiniowa\u0107.<\/p>\n      <\/div>\n    <\/section>\n    <section class=\"u-clearfix u-palette-3-base u-section-3\" id=\"carousel_9dcd\">\n      <div class=\"u-clearfix u-sheet u-valign-middle u-sheet-1\">\n        <h3 class=\"u-text u-text-1\"> R\u00f3\u017cnica mi\u0119dzy owocem a warzywem<\/h3>\n        <p class=\"u-text u-text-2\">\n          <span style=\"font-weight: 700;\"><\/span>...by\u0107 mo\u017ce nigdy nie my\u015bla\u0142e\u015b o tym czy s\u0105 warzywem lub owocem. Poniewa\u017c jednak coraz cz\u0119\u015bciej stosuje si\u0119 go doustnie i w napojach, by\u0107 mo\u017ce nadszed\u0142 czas, aby zdecydowa\u0107, co to jest. Czy jest to owoc czy warzywo?<br>\n          <br>Zazwyczaj za owoc uwa\u017ca si\u0119 t\u0119 cz\u0119\u015b\u0107 ro\u015bliny, kt\u00f3ra zawiera nasiona. Z tego powodu produkty takie jak pomidory, papryka, cukinia i kabaczek s\u0105 technicznie uznawane raczej za owoce ni\u017c warzywa. Warzywa to zazwyczaj inne cz\u0119\u015bci ro\u015blin, kt\u00f3re s\u0105 wykorzystywane jako po\u017cywienie. Mog\u0105 to by\u0107 li\u015bcie, korzenie, \u0142odygi, a nawet kwiaty. Do popularnych zielonych warzyw li\u015bciastych nale\u017c\u0105 sa\u0142ata i szpinak. Popularne warzywa korzeniowe to marchew, buraki, ziemniaki i s\u0142odkie ziemniaki. \u0141odygi najcz\u0119\u015bciej wyst\u0119puj\u0105 w warzywach takich jak szparagi, a kwiaty w warzywach takich jak broku\u0142y i kalafior.<br>\n          <br>Owoce jagodowe, takie jak czarna porzeczka i agrest, to nie to samo, co truskawki, bor\u00f3wki czy maliny. Ale co z bananami? Czasami s\u0105 one nawet nazywane zio\u0142ami. Nie zapominajmy te\u017c o kukurydzy. Technicznie rzecz bior\u0105c, to p\u0142atki \u015bniadaniowe. A wi\u0119c gdzie jest miejsce dla konopi? W ko\u0144cu ma nasiona. Czy w takim razie nie nale\u017ca\u0142oby go zaklasyfikowa\u0107 jako owoc? Odpowied\u017a nie jest jednak tak jednoznaczna, jak by\u015bmy sobie tego \u017cyczyli. Zanim b\u0119dziemy mogli je sklasyfikowa\u0107, musimy pozna\u0107 anatomi\u0119 ro\u015bliny.<br>\n          <br>\n          <span style=\"font-weight: 700;\"> Anatomia konopi<\/span>\n          <br>\n          <br> Zanim zdecydujemy, czy konopie indyjskie s\u0105 warzywem czy owocem, musimy dowiedzie\u0107 si\u0119 nieco wi\u0119cej o ich anatomii, czyli fitotomii, jak to si\u0119 naukowo nazywa. Ro\u015blina konopi ma cztery podstawowe struktury: korzenie, \u0142odyg\u0119, li\u015bcie i upragnione kwiaty. Ka\u017cdy z nich odgrywa wa\u017cn\u0105 rol\u0119:<br>\n          <br>\n          <span style=\"font-weight: 700;\">Korzenie&nbsp;<\/span>- s\u0142u\u017c\u0105 do przenoszenia sk\u0142adnik\u00f3w od\u017cywczych i wody z gleby do ro\u015bliny.<br>\n          <br>\n          <span style=\"font-weight: 700;\">\u0141odyga&nbsp;<\/span>- nie tylko podtrzymuje ro\u015blin\u0119, ale tak\u017ce transportuje wod\u0119 i sk\u0142adniki od\u017cywcze z korzeni do pozosta\u0142ych cz\u0119\u015bci ro\u015bliny.<br>\n          <br>\n          <span style=\"font-weight: 700;\">Li\u015bcie<\/span>&nbsp;- zawieraj\u0105 chlorofil, kt\u00f3ry ro\u015blina wykorzystuje do pozyskiwania energii ze \u015bwiat\u0142a s\u0142onecznego w procesie fotosyntezy. Ro\u015blina wykorzystuje li\u015bcie do oddychania przez ma\u0142e otwory zwane stomata.<br>\n          <br>\n          <span style=\"font-weight: 700;\">Kwiaty&nbsp;<\/span>- s\u0105 organami rozrodczymi ro\u015bliny. U konopi ro\u015bliny m\u0119skie wytwarzaj\u0105 ma\u0142e woreczki py\u0142kowe, a ro\u015bliny \u017ce\u0144skie du\u017ce skupiska kwiat\u00f3w zwane kolami. Kolby maj\u0105 g\u0119sto upakowane p\u0105ki i li\u015bcie cukrowe. P\u0105ki pokryte s\u0105 w\u0142o\u015bnikami, kt\u00f3re zawieraj\u0105 kannabinoidy, terpeny i inne korzystne substancje. Na p\u0105ku znajduj\u0105 si\u0119 tak\u017ce s\u0142upki, kt\u00f3rych jedynym zadaniem jest pobieranie py\u0142ku z ro\u015blin m\u0119skich w celu tworzenia nowych nasion.<br>\n          <br>W naturze celem ro\u015bliny konopi indyjskich jest produkcja nasion, dzi\u0119ki kt\u00f3rym ro\u015blina mo\u017ce kontynuowa\u0107 swoje drzewo genealogiczne. Wspomnieli\u015bmy ju\u017c, \u017ce ro\u015bliny posiadaj\u0105ce nasiona s\u0105 zwykle klasyfikowane jako owoce. Je\u015bli tak, to czy konopie indyjskie s\u0105 owocem?<br>\n          <br>\n          <span style=\"font-weight: 700;\"><\/span>\n          <span style=\"font-weight: 700;\">Czy marihuana jest wegetaria\u0144ska?<br>\n          <\/span> Konopie to nie to samo, co nasiona jab\u0142ek czy brzoskwi\u0144. Wi\u0119c to musi by\u0107 warzywo, prawda? Konopie maj\u0105 wiele cz\u0119\u015bci, kt\u00f3re mo\u017cna pokroi\u0107 i umie\u015bci\u0107 na talerzu. Jednak smak jest do\u015b\u0107 specyficzny i nie wiadomo, czy naprawd\u0119 chce si\u0119 to robi\u0107. Je\u015bli jednak uda Ci si\u0119 prze\u0142ama\u0107 ten smak, istnieje wiele powod\u00f3w, dla kt\u00f3rych warto w\u0142\u0105czy\u0107 konopie jako warzywo do swojej diety. Ale by\u0107 mo\u017ce nie powinno si\u0119 go nazywa\u0107 warzywem ani owocem, lecz raczej zio\u0142em.\n        <\/p>\n      <\/div>\n    <\/section>\n    \n    \n    \n    \n  \n","protected":false},"excerpt":{"rendered":"<p>WEGE? Od dzieci\u0144stwa uczymy si\u0119 rozr\u00f3\u017cnia\u0107 owoce i warzywa. Dla dziecka rozr\u00f3\u017cnienie mi\u0119dzy owocami i warzywami wydaje si\u0119 \u0142atwe. Owoce s\u0105 zazwyczaj s\u0142odkie, warzywa nie. Potem pojawiaj\u0105 si\u0119 warzywa, kt\u00f3re tak naprawd\u0119 s\u0105 owocami, jak pomidor, i wszystko, czego si\u0119 nauczyli\u015bmy, zostaje wyrzucone przez okno. Granice mi\u0119dzy owocami i warzywami coraz bardziej si\u0119 zacieraj\u0105 i &hellip; <a href=\"https:\/\/marihuana.earth\/?page_id=57\" class=\"more-link\">Continue reading<span class=\"screen-reader-text\"> &#8222;wege&#8221;<\/span><\/a><\/p>\n","protected":false},"author":1,"featured_media":0,"parent":0,"menu_order":6,"comment_status":"closed","ping_status":"closed","template":"","meta":{"footnotes":""},"class_list":["post-57","page","type-page","status-publish","hentry"],"_links":{"self":[{"href":"https:\/\/marihuana.earth\/index.php?rest_route=\/wp\/v2\/pages\/57","targetHints":{"allow":["GET"]}}],"collection":[{"href":"https:\/\/marihuana.earth\/index.php?rest_route=\/wp\/v2\/pages"}],"about":[{"href":"https:\/\/marihuana.earth\/index.php?rest_route=\/wp\/v2\/types\/page"}],"author":[{"embeddable":true,"href":"https:\/\/marihuana.earth\/index.php?rest_route=\/wp\/v2\/users\/1"}],"replies":[{"embeddable":true,"href":"https:\/\/marihuana.earth\/index.php?rest_route=%2Fwp%2Fv2%2Fcomments&post=57"}],"version-history":[{"count":1,"href":"https:\/\/marihuana.earth\/index.php?rest_route=\/wp\/v2\/pages\/57\/revisions"}],"predecessor-version":[{"id":72,"href":"https:\/\/marihuana.earth\/index.php?rest_route=\/wp\/v2\/pages\/57\/revisions\/72"}],"wp:attachment":[{"href":"https:\/\/marihuana.earth\/index.php?rest_route=%2Fwp%2Fv2%2Fmedia&parent=57"}],"curies":[{"name":"wp","href":"https:\/\/api.w.org\/{rel}","templated":true}]}}