{"id":56,"date":"2023-12-21T21:38:48","date_gmt":"2023-12-21T20:38:48","guid":{"rendered":"https:\/\/marihuana.earth\/?page_id=56"},"modified":"2023-12-23T19:18:56","modified_gmt":"2023-12-23T18:18:56","slug":"kwiaty-cbd","status":"publish","type":"page","link":"https:\/\/marihuana.earth\/?page_id=56","title":{"rendered":"Kwiaty CBD"},"content":{"rendered":"\n    \n    <section class=\"u-carousel u-slide u-valign-middle u-block-8a76-1\" id=\"carousel-8bef\" data-interval=\"5000\" data-u-ride=\"carousel\">\n      <ol class=\"u-absolute-hcenter u-carousel-indicators u-block-8a76-2\">\n        <li data-u-target=\"#carousel-8bef\" class=\"u-active u-grey-30\" data-u-slide-to=\"0\"><\/li>\n      <\/ol>\n      <div class=\"u-carousel-inner\" role=\"listbox\">\n        <div class=\"u-active u-align-center u-carousel-item u-clearfix u-image u-shading u-section-2-1\" src=\"\" data-image-width=\"816\" data-image-height=\"544\" style=\"background-image: linear-gradient(0deg, rgba(0, 0, 0, 0.4), rgba(0, 0, 0, 0.4)), url(&quot;https:\/\/marihuana.earth\/wp-content\/uploads\/2023\/12\/mbr-2-816x544-3.jpg&quot;);\">\n          <div class=\"u-clearfix u-sheet u-sheet-1\"><\/div>\n        <\/div>\n      <\/div>\n      <a class=\"u-absolute-vcenter u-black u-carousel-control u-carousel-control-prev u-hidden u-icon-circle u-text-palette-2-base u-block-8a76-3\" href=\"#carousel-8bef\" role=\"button\" data-u-slide=\"prev\">\n        <span aria-hidden=\"true\">\n          <svg viewBox=\"0 0 129 129\"><path d=\"m64.5,122.6c32,0 58.1-26 58.1-58.1s-26-58-58.1-58-58,26-58,58 26,58.1 58,58.1zm0-108c27.5,5.32907e-15 49.9,22.4 49.9,49.9s-22.4,49.9-49.9,49.9-49.9-22.4-49.9-49.9 22.4-49.9 49.9-49.9z\"><\/path><path d=\"m70,93.5c0.8,0.8 1.8,1.2 2.9,1.2 1,0 2.1-0.4 2.9-1.2 1.6-1.6 1.6-4.2 0-5.8l-23.5-23.5 23.5-23.5c1.6-1.6 1.6-4.2 0-5.8s-4.2-1.6-5.8,0l-26.4,26.4c-0.8,0.8-1.2,1.8-1.2,2.9s0.4,2.1 1.2,2.9l26.4,26.4z\"><\/path><\/svg>\n        <\/span>\n        <span class=\"sr-only\">\n          <svg viewBox=\"0 0 129 129\"><path d=\"m64.5,122.6c32,0 58.1-26 58.1-58.1s-26-58-58.1-58-58,26-58,58 26,58.1 58,58.1zm0-108c27.5,5.32907e-15 49.9,22.4 49.9,49.9s-22.4,49.9-49.9,49.9-49.9-22.4-49.9-49.9 22.4-49.9 49.9-49.9z\"><\/path><path d=\"m70,93.5c0.8,0.8 1.8,1.2 2.9,1.2 1,0 2.1-0.4 2.9-1.2 1.6-1.6 1.6-4.2 0-5.8l-23.5-23.5 23.5-23.5c1.6-1.6 1.6-4.2 0-5.8s-4.2-1.6-5.8,0l-26.4,26.4c-0.8,0.8-1.2,1.8-1.2,2.9s0.4,2.1 1.2,2.9l26.4,26.4z\"><\/path><\/svg>\n        <\/span>\n      <\/a>\n      <a class=\"u-black u-carousel-control u-carousel-control-next u-hidden u-icon-circle u-text-palette-2-base u-block-8a76-4\" href=\"#carousel-8bef\" role=\"button\" data-u-slide=\"next\">\n        <span aria-hidden=\"true\">\n          <svg viewBox=\"0 0 129 129\"><path d=\"M64.5,122.6c32,0,58.1-26,58.1-58.1S96.5,6.4,64.5,6.4S6.4,32.5,6.4,64.5S32.5,122.6,64.5,122.6z M64.5,14.6    c27.5,0,49.9,22.4,49.9,49.9S92,114.4,64.5,114.4S14.6,92,14.6,64.5S37,14.6,64.5,14.6z\"><\/path><path d=\"m51.1,93.5c0.8,0.8 1.8,1.2 2.9,1.2 1,0 2.1-0.4 2.9-1.2l26.4-26.4c0.8-0.8 1.2-1.8 1.2-2.9 0-1.1-0.4-2.1-1.2-2.9l-26.4-26.4c-1.6-1.6-4.2-1.6-5.8,0-1.6,1.6-1.6,4.2 0,5.8l23.5,23.5-23.5,23.5c-1.6,1.6-1.6,4.2 0,5.8z\"><\/path><\/svg>\n        <\/span>\n        <span class=\"sr-only\">\n          <svg viewBox=\"0 0 129 129\"><path d=\"M64.5,122.6c32,0,58.1-26,58.1-58.1S96.5,6.4,64.5,6.4S6.4,32.5,6.4,64.5S32.5,122.6,64.5,122.6z M64.5,14.6    c27.5,0,49.9,22.4,49.9,49.9S92,114.4,64.5,114.4S14.6,92,14.6,64.5S37,14.6,64.5,14.6z\"><\/path><path d=\"m51.1,93.5c0.8,0.8 1.8,1.2 2.9,1.2 1,0 2.1-0.4 2.9-1.2l26.4-26.4c0.8-0.8 1.2-1.8 1.2-2.9 0-1.1-0.4-2.1-1.2-2.9l-26.4-26.4c-1.6-1.6-4.2-1.6-5.8,0-1.6,1.6-1.6,4.2 0,5.8l23.5,23.5-23.5,23.5c-1.6,1.6-1.6,4.2 0,5.8z\"><\/path><\/svg>\n        <\/span>\n      <\/a>\n    <\/section>\n    <section class=\"u-clearfix u-palette-3-base u-section-3\" id=\"sec-3ce5\">\n      <div class=\"u-clearfix u-sheet u-valign-middle u-sheet-1\">\n        <h3 class=\"u-text u-text-1\"> Co to jest Kwiat CBD?<\/h3>\n        <p class=\"u-text u-text-2\"> W rzeczywisto\u015bci konopie to og\u00f3lny termin nadany r\u00f3\u017cnym ro\u015blinom konopi, kt\u00f3re s\u0105 uprawiane w celu uzyskania niskiej zawarto\u015bci THC, ale wysokiej zawarto\u015bci CBD. Gdy bran\u017ca zacz\u0119\u0142a si\u0119 rozwija\u0107, coraz wi\u0119cej profesjonalnych hodowc\u00f3w konopi zacz\u0119\u0142o skupia\u0107 si\u0119 na genetykach bogatych w CBD lub CBG.<br>\n        <\/p>\n      <\/div>\n    <\/section>\n    <section class=\"u-clearfix u-palette-3-base u-section-4\" id=\"carousel_9dcd\">\n      <div class=\"u-clearfix u-sheet u-sheet-1\">\n        <h3 class=\"u-text u-text-1\"> Jaka jest r\u00f3\u017cnica - Sativa a Indica a Hybryda?<\/h3>\n        <p class=\"u-text u-text-2\"> Je\u015bli chodzi o legalno\u015b\u0107 kwiat\u00f3w CBD, procentowa zawarto\u015b\u0107 THC musi wynosi\u0107 nie wi\u0119cej ni\u017c 0,3% i by\u0107 okre\u015blana na podstawie test\u00f3w przeprowadzanych przez niezale\u017cne laboratoria.<br>\n          <br>To sprawia, \u017ce Kwiaty CBD i inne produkty s\u0105 \u015bwietn\u0105 propozycj\u0105 dla tych, kt\u00f3rzy chc\u0105 skorzysta\u0107 z bardziej relaksuj\u0105cych i koj\u0105cych efekt\u00f3w zwi\u0105zanych z CBD, bez powszechnych efekt\u00f3w psychoaktywnych, kt\u00f3re pochodz\u0105 z delta-9 THC, zazwyczaj wyst\u0119puj\u0105cego w marihuanie.<br>\n          <br>To pytanie zadawane jest nam do\u015b\u0107 cz\u0119sto. Dla tych, kt\u00f3rzy dopiero chc\u0105 do\u015bwiadczy\u0107 korzy\u015bci p\u0142yn\u0105cych z CBD, s\u0105 to podstawowe sposoby na zrozumienie, jakich efekt\u00f3w terapeutycznych mo\u017cna si\u0119 spodziewa\u0107, patrz\u0105c na profil terpenowy odmiany.<br>\n          <br>Przekonasz si\u0119, \u017ce nasze odmiany kwiat\u00f3w konopi s\u0105 bardziej rozpoznawalne, je\u015bli chodzi o w\u0142a\u015bciwo\u015bci i efekty, w por\u00f3wnaniu z tradycyjn\u0105 marihuan\u0105. Ze wzgl\u0119du na brak Delta-9 THC w naszych odmianach, jeste\u015bmy w stanie dok\u0142adniej przyjrze\u0107 si\u0119 prawdziwym efektom, jakie daj\u0105 bogate w terpeny kwiaty konopi, w por\u00f3wnaniu z czystym stosunkiem THC do CBD i przyklejeniem na nich etykietki.<br>\n          <br>Chocia\u017c istnieje wiele czynnik\u00f3w, kt\u00f3re decyduj\u0105 o tym, czy kwiat konopi jest sativ\u0105 czy indic\u0105, poni\u017cej znajdziesz zestawienie por\u00f3wnuj\u0105ce efekty i w\u0142a\u015bciwo\u015bci ka\u017cdego rodzaju odmiany.<br>\n          <br>\n          <span style=\"font-weight: 700;\">Sativa -&nbsp;<\/span>s\u0105 znane z tego, \u017ce podnosz\u0105 na duchu. Odmiany mo\u017cna podzieli\u0107 na wiele podkategorii, kt\u00f3re mog\u0105 wywo\u0142ywa\u0107 r\u00f3\u017cne efekty. Mog\u0105 wywo\u0142ywa\u0107 uczucie energii, pobudza\u0107 kreatywno\u015b\u0107 i koncentracj\u0119, a nawet pozwala\u0107 na og\u00f3lne poczucie euforii. Terpeny zazwyczaj zawieraj\u0105 du\u017ce ilo\u015bci limonenu, pinenu i\/lub mieszanki innych substancji, kt\u00f3re wywo\u0142uj\u0105 podobne efekty.<br>\n          <br>\n          <span style=\"font-weight: 700;\">Indica -<\/span>&nbsp;dzia\u0142aj\u0105 bardziej relaksuj\u0105co i uspokajaj\u0105co. Cz\u0119sto stosuje si\u0119 je do u\u015bmierzania b\u00f3lu lub po prostu do relaksu po d\u0142ugim dniu. Te kwiaty konopi s\u0105 zazwyczaj bardziej nasycone mircenem, beta-kariofilenem i\/lub mieszank\u0105 innych terpen\u00f3w, kt\u00f3re maj\u0105 dzia\u0142anie relaksacyjne.<br>\n          <br>\n          <span style=\"font-weight: 700;\">Hybrydy - <\/span>naj\u0142atwiejszym sposobem opisania hybrydowych kwiat\u00f3w konopi jest stwierdzenie, \u017ce s\u0105 one zazwyczaj hybryd\u0105 lub mieszank\u0105 efekt\u00f3w sativy i indica. Mo\u017ce to obejmowa\u0107 takie odmiany, jak Haze, kt\u00f3ra jest hybryd\u0105 z dominacj\u0105 sativy. Ze wzgl\u0119du na po\u0142\u0105czenie Linalolu i Caryophyllenu, konopie \u015bwietnie nadaj\u0105 si\u0119 do \u0142agodzenia stresu, poniewa\u017c pomagaj\u0105 si\u0119 zrelaksowa\u0107, a jednocze\u015bnie zachowa\u0107 czujno\u015b\u0107.<br>\n        <\/p>\n      <\/div>\n    <\/section>\n    \n    \n    \n  \n","protected":false},"excerpt":{"rendered":"<p>Co to jest Kwiat CBD? W rzeczywisto\u015bci konopie to og\u00f3lny termin nadany r\u00f3\u017cnym ro\u015blinom konopi, kt\u00f3re s\u0105 uprawiane w celu uzyskania niskiej zawarto\u015bci THC, ale wysokiej zawarto\u015bci CBD. Gdy bran\u017ca zacz\u0119\u0142a si\u0119 rozwija\u0107, coraz wi\u0119cej profesjonalnych hodowc\u00f3w konopi zacz\u0119\u0142o skupia\u0107 si\u0119 na genetykach bogatych w CBD lub CBG. Jaka jest r\u00f3\u017cnica &#8211; Sativa a Indica &hellip; <a href=\"https:\/\/marihuana.earth\/?page_id=56\" class=\"more-link\">Continue reading<span class=\"screen-reader-text\"> &#8222;Kwiaty CBD&#8221;<\/span><\/a><\/p>\n","protected":false},"author":1,"featured_media":0,"parent":0,"menu_order":5,"comment_status":"closed","ping_status":"closed","template":"","meta":{"footnotes":""},"class_list":["post-56","page","type-page","status-publish","hentry"],"_links":{"self":[{"href":"https:\/\/marihuana.earth\/index.php?rest_route=\/wp\/v2\/pages\/56","targetHints":{"allow":["GET"]}}],"collection":[{"href":"https:\/\/marihuana.earth\/index.php?rest_route=\/wp\/v2\/pages"}],"about":[{"href":"https:\/\/marihuana.earth\/index.php?rest_route=\/wp\/v2\/types\/page"}],"author":[{"embeddable":true,"href":"https:\/\/marihuana.earth\/index.php?rest_route=\/wp\/v2\/users\/1"}],"replies":[{"embeddable":true,"href":"https:\/\/marihuana.earth\/index.php?rest_route=%2Fwp%2Fv2%2Fcomments&post=56"}],"version-history":[{"count":2,"href":"https:\/\/marihuana.earth\/index.php?rest_route=\/wp\/v2\/pages\/56\/revisions"}],"predecessor-version":[{"id":88,"href":"https:\/\/marihuana.earth\/index.php?rest_route=\/wp\/v2\/pages\/56\/revisions\/88"}],"wp:attachment":[{"href":"https:\/\/marihuana.earth\/index.php?rest_route=%2Fwp%2Fv2%2Fmedia&parent=56"}],"curies":[{"name":"wp","href":"https:\/\/api.w.org\/{rel}","templated":true}]}}