{"id":55,"date":"2023-12-21T21:38:47","date_gmt":"2023-12-21T20:38:47","guid":{"rendered":"https:\/\/marihuana.earth\/?page_id=55"},"modified":"2023-12-21T21:38:53","modified_gmt":"2023-12-21T20:38:53","slug":"cbg","status":"publish","type":"page","link":"https:\/\/marihuana.earth\/?page_id=55","title":{"rendered":"CBG"},"content":{"rendered":"\n  \n    <section class=\"u-carousel u-slide u-valign-middle u-block-1469-1\" id=\"carousel-be03\" data-interval=\"5000\" data-u-ride=\"carousel\">\n      <ol class=\"u-absolute-hcenter u-carousel-indicators u-block-1469-2\">\n        <li data-u-target=\"#carousel-be03\" class=\"u-active u-grey-30\" data-u-slide-to=\"0\"><\/li>\n      <\/ol>\n      <div class=\"u-carousel-inner\" role=\"listbox\">\n        <div class=\"u-active u-align-center u-carousel-item u-clearfix u-image u-shading u-section-1-1\" src=\"\" data-image-width=\"4480\" data-image-height=\"5600\" style=\"background-image: linear-gradient(0deg, rgba(0, 0, 0, 0.4), rgba(0, 0, 0, 0.4)), url(&quot;https:\/\/marihuana.earth\/wp-content\/uploads\/2023\/12\/close-up-adult-male-swallowing-drops-2.jpeg&quot;);\">\n          <div class=\"u-clearfix u-sheet u-sheet-1\"><\/div>\n        <\/div>\n      <\/div>\n      <a class=\"u-absolute-vcenter u-black u-carousel-control u-carousel-control-prev u-hidden u-icon-circle u-text-palette-2-base u-block-1469-3\" href=\"#carousel-be03\" role=\"button\" data-u-slide=\"prev\">\n        <span aria-hidden=\"true\">\n          <svg viewBox=\"0 0 129 129\"><path d=\"m64.5,122.6c32,0 58.1-26 58.1-58.1s-26-58-58.1-58-58,26-58,58 26,58.1 58,58.1zm0-108c27.5,5.32907e-15 49.9,22.4 49.9,49.9s-22.4,49.9-49.9,49.9-49.9-22.4-49.9-49.9 22.4-49.9 49.9-49.9z\"><\/path><path d=\"m70,93.5c0.8,0.8 1.8,1.2 2.9,1.2 1,0 2.1-0.4 2.9-1.2 1.6-1.6 1.6-4.2 0-5.8l-23.5-23.5 23.5-23.5c1.6-1.6 1.6-4.2 0-5.8s-4.2-1.6-5.8,0l-26.4,26.4c-0.8,0.8-1.2,1.8-1.2,2.9s0.4,2.1 1.2,2.9l26.4,26.4z\"><\/path><\/svg>\n        <\/span>\n        <span class=\"sr-only\">\n          <svg viewBox=\"0 0 129 129\"><path d=\"m64.5,122.6c32,0 58.1-26 58.1-58.1s-26-58-58.1-58-58,26-58,58 26,58.1 58,58.1zm0-108c27.5,5.32907e-15 49.9,22.4 49.9,49.9s-22.4,49.9-49.9,49.9-49.9-22.4-49.9-49.9 22.4-49.9 49.9-49.9z\"><\/path><path d=\"m70,93.5c0.8,0.8 1.8,1.2 2.9,1.2 1,0 2.1-0.4 2.9-1.2 1.6-1.6 1.6-4.2 0-5.8l-23.5-23.5 23.5-23.5c1.6-1.6 1.6-4.2 0-5.8s-4.2-1.6-5.8,0l-26.4,26.4c-0.8,0.8-1.2,1.8-1.2,2.9s0.4,2.1 1.2,2.9l26.4,26.4z\"><\/path><\/svg>\n        <\/span>\n      <\/a>\n      <a class=\"u-black u-carousel-control u-carousel-control-next u-hidden u-icon-circle u-text-palette-2-base u-block-1469-4\" href=\"#carousel-be03\" role=\"button\" data-u-slide=\"next\">\n        <span aria-hidden=\"true\">\n          <svg viewBox=\"0 0 129 129\"><path d=\"M64.5,122.6c32,0,58.1-26,58.1-58.1S96.5,6.4,64.5,6.4S6.4,32.5,6.4,64.5S32.5,122.6,64.5,122.6z M64.5,14.6    c27.5,0,49.9,22.4,49.9,49.9S92,114.4,64.5,114.4S14.6,92,14.6,64.5S37,14.6,64.5,14.6z\"><\/path><path d=\"m51.1,93.5c0.8,0.8 1.8,1.2 2.9,1.2 1,0 2.1-0.4 2.9-1.2l26.4-26.4c0.8-0.8 1.2-1.8 1.2-2.9 0-1.1-0.4-2.1-1.2-2.9l-26.4-26.4c-1.6-1.6-4.2-1.6-5.8,0-1.6,1.6-1.6,4.2 0,5.8l23.5,23.5-23.5,23.5c-1.6,1.6-1.6,4.2 0,5.8z\"><\/path><\/svg>\n        <\/span>\n        <span class=\"sr-only\">\n          <svg viewBox=\"0 0 129 129\"><path d=\"M64.5,122.6c32,0,58.1-26,58.1-58.1S96.5,6.4,64.5,6.4S6.4,32.5,6.4,64.5S32.5,122.6,64.5,122.6z M64.5,14.6    c27.5,0,49.9,22.4,49.9,49.9S92,114.4,64.5,114.4S14.6,92,14.6,64.5S37,14.6,64.5,14.6z\"><\/path><path d=\"m51.1,93.5c0.8,0.8 1.8,1.2 2.9,1.2 1,0 2.1-0.4 2.9-1.2l26.4-26.4c0.8-0.8 1.2-1.8 1.2-2.9 0-1.1-0.4-2.1-1.2-2.9l-26.4-26.4c-1.6-1.6-4.2-1.6-5.8,0-1.6,1.6-1.6,4.2 0,5.8l23.5,23.5-23.5,23.5c-1.6,1.6-1.6,4.2 0,5.8z\"><\/path><\/svg>\n        <\/span>\n      <\/a>\n    <\/section>\n    <section class=\"u-clearfix u-palette-3-base u-section-2\" id=\"sec-3ce5\">\n      <div class=\"u-clearfix u-sheet u-valign-middle u-sheet-1\">\n        <h3 class=\"u-text u-text-1\"> Co to jest CBG?<\/h3>\n        <p class=\"u-text u-text-2\"> CBG oznacza kannabigerol. Zwi\u0105zek ten jest prekursorem do syntezy g\u0142\u00f3wnych zwi\u0105zk\u00f3w kannabinoidowych, takich jak CBD, THC i CBC. Kwa\u015bna posta\u0107 CBG, zwana CBGA lub kwasem kannabigerolowym, jest pierwszym zwi\u0105zkiem kannabinoidowym wytwarzanym w ro\u015blinie konopi. CBGA jest nast\u0119pnie przekszta\u0142cany w CBDA, THCA i CBCA, czyli kwa\u015bne formy kannabinoid\u00f3w CBD, THC i CBC, w wyniku szeregu z\u0142o\u017conych proces\u00f3w naturalnych kontrolowanych przez r\u00f3\u017cne enzymy.<br>\n          <br>Po dekarboksylacji, czyli usuni\u0119ciu grupy karboksylowej, kt\u00f3ra tworzy kwa\u015bn\u0105 posta\u0107 tych zwi\u0105zk\u00f3w, co odbywa si\u0119 poprzez obr\u00f3bk\u0119 ciepln\u0105, pozostaj\u0105 CBD, THC i CBD. Niewielka cz\u0119\u015b\u0107 CBGA pozostaje niezmieniona i jest przekszta\u0142cana w CBG po dekarboksylacji.<br>\n          <br>Jest to cz\u0119\u015b\u0107 naturalnych proces\u00f3w zachodz\u0105cych w ro\u015blinach konopi indyjskich i przemys\u0142owych. Im d\u0142u\u017cej ro\u015bliny pozostaj\u0105 w stanie dojrza\u0142ym, tym wi\u0119cej CBGA jest przekszta\u0142cane w CBDA lub THCA. W ten spos\u00f3b z dojrza\u0142ych ro\u015blin mo\u017cna wyekstrahowa\u0107 do 1% CBG.<br>\n          <br>Niekt\u00f3re firmy zaczynaj\u0105 zdawa\u0107 sobie spraw\u0119 z korzy\u015bci p\u0142yn\u0105cych z CBG i oferuj\u0105 produkty oparte na CBG. Jednak, aby wydoby\u0107 u\u017cyteczne ilo\u015bci CBG z ro\u015blin konopi przemys\u0142owych, firmy te musz\u0105 dokonywa\u0107 ci\u0119\u0107 i wcze\u015bniejszych zbior\u00f3w w celu pozyskania wi\u0119kszych ilo\u015bci CBG. Nadal niewiele os\u00f3b u\u017cywa CBG, a rolnicy maj\u0105 jeszcze czas na opracowanie procesu uprawy ro\u015blin bogatych w CBG.\n        <\/p>\n      <\/div>\n    <\/section>\n    <section class=\"u-clearfix u-palette-3-base u-section-3\" id=\"carousel_9dcd\">\n      <div class=\"u-clearfix u-sheet u-valign-middle u-sheet-1\">\n        <h3 class=\"u-text u-text-1\"> Jakie s\u0105 korzy\u015bci z CBG?<\/h3>\n        <p class=\"u-text u-text-2\">\n          <span style=\"font-weight: 700;\"><\/span>CBG zosta\u0142o zidentyfikowane w 1964 roku, ale nie po\u015bwi\u0119cono mu zbyt wiele uwagi. Jednak niekt\u00f3rzy naukowcy zbadali wp\u0142yw CBG na organizm i odkryli potencjalne korzy\u015bci. Ju\u017c w 1984 r. grupa naukowc\u00f3w zdo\u0142a\u0142a udowodni\u0107, \u017ce przyjmowanie substancji takich jak CBD i CBG ma bardzo pozytywny wp\u0142yw na ci\u015bnienie wewn\u0105trzga\u0142kowe.<br>\n          <br>Innym dzia\u0142aniem CBG, o kt\u00f3rym warto wspomnie\u0107, jest jego dzia\u0142anie przeciwdrobnoustrojowe. Jest to cecha wsp\u00f3lna dla wszystkich zwi\u0105zk\u00f3w kannabinoidowych, podobnie jak ich dzia\u0142anie przeciwb\u00f3lowe i przeciwzapalne. Dlatego w\u0142a\u015bnie ekstrakt z konopi o pe\u0142nym spektrum dzia\u0142ania, zawieraj\u0105cy CBD, CBG, CBN, CBC i niewielk\u0105 ilo\u015b\u0107 THC, jest tak skuteczny w leczeniu stan\u00f3w zapalnych, b\u00f3lu i innych problem\u00f3w zdrowotnych.<br>\n          <br>Jednym z obszar\u00f3w, w kt\u00f3rym CBG mo\u017ce potencjalnie pom\u00f3c, jest leczenie zaka\u017ce\u0144 wywo\u0142anych przez bakterie lekooporne, z kt\u00f3rymi nie radz\u0105 sobie nawet najsilniejsze antybiotyki. CBG jest pomocna w leczeniu zespo\u0142u jelita dra\u017cliwego, \u0142agodzeniu stan\u00f3w zapalnych wywo\u0142anych stwardnieniem rozsianym oraz ochronie organizmu przed rozprzestrzenianiem si\u0119 niekt\u00f3rych rodzaj\u00f3w raka. CBG ma r\u00f3wnie\u017c silne dzia\u0142anie neuroprotekcyjne, co oznacza, \u017ce mo\u017ce pom\u00f3c w leczeniu i kontroli rozprzestrzeniania si\u0119 chor\u00f3b takich jak choroba Parkinsona, Huntingtona, Alzheimera, a nawet zesp\u00f3\u0142 Tourette'a.<br>\n          <br>CBG nie wywo\u0142uje prawie \u017cadnych skutk\u00f3w ubocznych w organizmie. Ze wzgl\u0119du na sw\u00f3j sk\u0142ad i struktur\u0119, CBG jest \u0142atwo metabolizowana i tolerowana przez organizm, co sprawia, \u017ce jest \u0142atwa do spo\u017cycia. Nie zak\u0142\u00f3ca r\u00f3wnie\u017c dzia\u0142ania innych lek\u00f3w. W przypadku za\u017cycia du\u017cej dawki CBG mog\u0105 wyst\u0105pi\u0107 bardzo \u0142agodne dzia\u0142ania niepo\u017c\u0105dane, takie jak senno\u015b\u0107. W razie w\u0105tpliwo\u015bci przed zastosowaniem CBG nale\u017cy skonsultowa\u0107 si\u0119 z lekarzem.<br>\n        <\/p>\n      <\/div>\n    <\/section>\n    <section class=\"u-align-center u-clearfix u-palette-1-base u-section-4\" id=\"sec-adfd\">\n      <div class=\"u-clearfix u-sheet u-valign-middle u-sheet-1\">\n        <div class=\"u-align-left u-expanded-width-sm u-expanded-width-xs u-video u-video-1\">\n          <div class=\"embed-responsive embed-responsive-1\">\n            <iframe style=\"position: absolute;top: 0;left: 0;width: 100%;height: 100%;\" class=\"embed-responsive-item\" src=\"https:\/\/www.youtube.com\/embed\/3TrPmhFEr_U?mute=0&amp;showinfo=0&amp;controls=0&amp;start=0\" frameborder=\"0\" allowfullscreen=\"\"><\/iframe>\n          <\/div>\n        <\/div>\n        <h2 class=\"u-text u-text-default u-text-1\"> CBG wyja\u015bnienie, dzia\u0142anie i r\u00f3\u017cnica od CBD<\/h2>\n      <\/div>\n    <\/section>\n    \n    \n    \n    \n  \n","protected":false},"excerpt":{"rendered":"<p>Co to jest CBG? CBG oznacza kannabigerol. Zwi\u0105zek ten jest prekursorem do syntezy g\u0142\u00f3wnych zwi\u0105zk\u00f3w kannabinoidowych, takich jak CBD, THC i CBC. Kwa\u015bna posta\u0107 CBG, zwana CBGA lub kwasem kannabigerolowym, jest pierwszym zwi\u0105zkiem kannabinoidowym wytwarzanym w ro\u015blinie konopi. CBGA jest nast\u0119pnie przekszta\u0142cany w CBDA, THCA i CBCA, czyli kwa\u015bne formy kannabinoid\u00f3w CBD, THC i CBC, &hellip; <a href=\"https:\/\/marihuana.earth\/?page_id=55\" class=\"more-link\">Continue reading<span class=\"screen-reader-text\"> &#8222;CBG&#8221;<\/span><\/a><\/p>\n","protected":false},"author":1,"featured_media":0,"parent":0,"menu_order":4,"comment_status":"closed","ping_status":"closed","template":"","meta":{"footnotes":""},"class_list":["post-55","page","type-page","status-publish","hentry"],"_links":{"self":[{"href":"https:\/\/marihuana.earth\/index.php?rest_route=\/wp\/v2\/pages\/55","targetHints":{"allow":["GET"]}}],"collection":[{"href":"https:\/\/marihuana.earth\/index.php?rest_route=\/wp\/v2\/pages"}],"about":[{"href":"https:\/\/marihuana.earth\/index.php?rest_route=\/wp\/v2\/types\/page"}],"author":[{"embeddable":true,"href":"https:\/\/marihuana.earth\/index.php?rest_route=\/wp\/v2\/users\/1"}],"replies":[{"embeddable":true,"href":"https:\/\/marihuana.earth\/index.php?rest_route=%2Fwp%2Fv2%2Fcomments&post=55"}],"version-history":[{"count":1,"href":"https:\/\/marihuana.earth\/index.php?rest_route=\/wp\/v2\/pages\/55\/revisions"}],"predecessor-version":[{"id":70,"href":"https:\/\/marihuana.earth\/index.php?rest_route=\/wp\/v2\/pages\/55\/revisions\/70"}],"wp:attachment":[{"href":"https:\/\/marihuana.earth\/index.php?rest_route=%2Fwp%2Fv2%2Fmedia&parent=55"}],"curies":[{"name":"wp","href":"https:\/\/api.w.org\/{rel}","templated":true}]}}