{"id":53,"date":"2023-12-21T21:38:45","date_gmt":"2023-12-21T20:38:45","guid":{"rendered":"https:\/\/marihuana.earth\/?page_id=53"},"modified":"2023-12-23T19:18:06","modified_gmt":"2023-12-23T18:18:06","slug":"olejki-cbd","status":"publish","type":"page","link":"https:\/\/marihuana.earth\/?page_id=53","title":{"rendered":"Olejki CBD"},"content":{"rendered":"\n    \n    <section class=\"u-carousel u-slide u-valign-middle u-block-1f93-1\" id=\"carousel-c84f\" data-interval=\"5000\" data-u-ride=\"carousel\">\n      <ol class=\"u-absolute-hcenter u-carousel-indicators u-block-1f93-2\">\n        <li data-u-target=\"#carousel-c84f\" class=\"u-active u-grey-30\" data-u-slide-to=\"0\"><\/li>\n      <\/ol>\n      <div class=\"u-carousel-inner\" role=\"listbox\">\n        <div class=\"u-active u-align-center u-carousel-item u-clearfix u-image u-shading u-section-2-1\" src=\"\" data-image-width=\"1920\" data-image-height=\"1331\" style=\"background-image: linear-gradient(0deg, rgba(0, 0, 0, 0.4), rgba(0, 0, 0, 0.4)), url(&quot;https:\/\/marihuana.earth\/wp-content\/uploads\/2023\/12\/cbd-oil-gef08b08c6-1920-1920x1331-3.jpg&quot;);\">\n          <div class=\"u-clearfix u-sheet u-sheet-1\"><\/div>\n        <\/div>\n      <\/div>\n      <a class=\"u-absolute-vcenter u-black u-carousel-control u-carousel-control-prev u-hidden u-icon-circle u-text-palette-2-base u-block-1f93-3\" href=\"#carousel-c84f\" role=\"button\" data-u-slide=\"prev\">\n        <span aria-hidden=\"true\">\n          <svg viewBox=\"0 0 129 129\"><path d=\"m64.5,122.6c32,0 58.1-26 58.1-58.1s-26-58-58.1-58-58,26-58,58 26,58.1 58,58.1zm0-108c27.5,5.32907e-15 49.9,22.4 49.9,49.9s-22.4,49.9-49.9,49.9-49.9-22.4-49.9-49.9 22.4-49.9 49.9-49.9z\"><\/path><path d=\"m70,93.5c0.8,0.8 1.8,1.2 2.9,1.2 1,0 2.1-0.4 2.9-1.2 1.6-1.6 1.6-4.2 0-5.8l-23.5-23.5 23.5-23.5c1.6-1.6 1.6-4.2 0-5.8s-4.2-1.6-5.8,0l-26.4,26.4c-0.8,0.8-1.2,1.8-1.2,2.9s0.4,2.1 1.2,2.9l26.4,26.4z\"><\/path><\/svg>\n        <\/span>\n        <span class=\"sr-only\">\n          <svg viewBox=\"0 0 129 129\"><path d=\"m64.5,122.6c32,0 58.1-26 58.1-58.1s-26-58-58.1-58-58,26-58,58 26,58.1 58,58.1zm0-108c27.5,5.32907e-15 49.9,22.4 49.9,49.9s-22.4,49.9-49.9,49.9-49.9-22.4-49.9-49.9 22.4-49.9 49.9-49.9z\"><\/path><path d=\"m70,93.5c0.8,0.8 1.8,1.2 2.9,1.2 1,0 2.1-0.4 2.9-1.2 1.6-1.6 1.6-4.2 0-5.8l-23.5-23.5 23.5-23.5c1.6-1.6 1.6-4.2 0-5.8s-4.2-1.6-5.8,0l-26.4,26.4c-0.8,0.8-1.2,1.8-1.2,2.9s0.4,2.1 1.2,2.9l26.4,26.4z\"><\/path><\/svg>\n        <\/span>\n      <\/a>\n      <a class=\"u-black u-carousel-control u-carousel-control-next u-hidden u-icon-circle u-text-palette-2-base u-block-1f93-4\" href=\"#carousel-c84f\" role=\"button\" data-u-slide=\"next\">\n        <span aria-hidden=\"true\">\n          <svg viewBox=\"0 0 129 129\"><path d=\"M64.5,122.6c32,0,58.1-26,58.1-58.1S96.5,6.4,64.5,6.4S6.4,32.5,6.4,64.5S32.5,122.6,64.5,122.6z M64.5,14.6    c27.5,0,49.9,22.4,49.9,49.9S92,114.4,64.5,114.4S14.6,92,14.6,64.5S37,14.6,64.5,14.6z\"><\/path><path d=\"m51.1,93.5c0.8,0.8 1.8,1.2 2.9,1.2 1,0 2.1-0.4 2.9-1.2l26.4-26.4c0.8-0.8 1.2-1.8 1.2-2.9 0-1.1-0.4-2.1-1.2-2.9l-26.4-26.4c-1.6-1.6-4.2-1.6-5.8,0-1.6,1.6-1.6,4.2 0,5.8l23.5,23.5-23.5,23.5c-1.6,1.6-1.6,4.2 0,5.8z\"><\/path><\/svg>\n        <\/span>\n        <span class=\"sr-only\">\n          <svg viewBox=\"0 0 129 129\"><path d=\"M64.5,122.6c32,0,58.1-26,58.1-58.1S96.5,6.4,64.5,6.4S6.4,32.5,6.4,64.5S32.5,122.6,64.5,122.6z M64.5,14.6    c27.5,0,49.9,22.4,49.9,49.9S92,114.4,64.5,114.4S14.6,92,14.6,64.5S37,14.6,64.5,14.6z\"><\/path><path d=\"m51.1,93.5c0.8,0.8 1.8,1.2 2.9,1.2 1,0 2.1-0.4 2.9-1.2l26.4-26.4c0.8-0.8 1.2-1.8 1.2-2.9 0-1.1-0.4-2.1-1.2-2.9l-26.4-26.4c-1.6-1.6-4.2-1.6-5.8,0-1.6,1.6-1.6,4.2 0,5.8l23.5,23.5-23.5,23.5c-1.6,1.6-1.6,4.2 0,5.8z\"><\/path><\/svg>\n        <\/span>\n      <\/a>\n    <\/section>\n    <section class=\"u-clearfix u-section-3\" id=\"sec-49a5\">\n      <div class=\"u-clearfix u-sheet u-valign-middle-lg u-valign-middle-md u-valign-middle-xl u-sheet-1\">\n        <div class=\"data-layout-selected u-clearfix u-expanded-width u-layout-wrap u-palette-3-base u-layout-wrap-1\">\n          <div class=\"u-layout\">\n            <div class=\"u-layout-row\">\n              <div class=\"u-container-style u-image u-layout-cell u-size-17 u-image-1\" data-image-width=\"1920\" data-image-height=\"1277\" style=\"background-image: url(&quot;https:\/\/marihuana.earth\/wp-content\/uploads\/2023\/12\/mbr-6-2.jpg&quot;);\">\n                <div class=\"u-container-layout u-container-layout-1\"><\/div>\n              <\/div>\n              <div class=\"u-container-style u-layout-cell u-size-43 u-layout-cell-2\">\n                <div class=\"u-container-layout u-container-layout-2\">\n                  <h4 class=\"u-text u-text-default u-text-1\"> Olejki CBD<\/h4>\n                  <p class=\"u-text u-text-default u-text-2\"> Pokr\u00f3tce przypomnijmy, \u017ce olej ten otrzymuje si\u0119 z konopi, a jego aktywnym sk\u0142adnikiem jest kannabidiol, potocznie nazywany CBD, kt\u00f3ry oddzia\u0142uje na ludzki uk\u0142ad endokannabidiolowy.<\/p>\n                <\/div>\n              <\/div>\n            <\/div>\n          <\/div>\n        <\/div>\n      <\/div>\n    <\/section>\n    <section class=\"u-align-center u-clearfix u-section-4\" id=\"sec-8aa9\">\n      <div class=\"u-clearfix u-sheet u-valign-middle u-sheet-1\">\n        <div class=\"data-layout-selected u-clearfix u-expanded-width u-layout-wrap u-layout-wrap-1\">\n          <div class=\"u-gutter-0 u-layout\">\n            <div class=\"u-layout-row\">\n              <div class=\"u-container-style u-layout-cell u-size-30 u-layout-cell-1\">\n                <div class=\"u-container-layout u-container-layout-1\">\n                  <p class=\"u-text u-text-default u-text-1\"> S\u0105 dost\u0119pne w r\u00f3\u017cnych st\u0119\u017ceniach procentowych i mog\u0105 r\u00f3\u017cni\u0107 si\u0119 pod wzgl\u0119dem zawarto\u015bci konkretnych aktywnych substancji:<br>* kannabinoid\u00f3w,<br>* terpen\u00f3w,<br>* flawonoid\u00f3w,<br>* witamin i pierwiastk\u00f3w.<br>* r\u00f3\u017cnorodno\u015b\u0107 kolor\u00f3w, smak\u00f3w i zapach\u00f3w.<br>Oleje o ciemniejszym kolorze s\u0105 zazwyczaj olejami nieoczyszczonymi, bardziej zwartymi i mog\u0105 zawiera\u0107 wosk (wersja RAW), natomiast oleje poddane oczyszczeniu maj\u0105 zazwyczaj nieco ja\u015bniejszy odcie\u0144, bardziej p\u0142ynn\u0105 struktur\u0119 i s\u0105 mniej nasycone, maj\u0105 delikatniejszy smak. \n                  <\/p>\n                <\/div>\n              <\/div>\n              <div class=\"u-container-style u-layout-cell u-size-30 u-layout-cell-2\">\n                <div class=\"u-container-layout u-container-layout-2\">\n                  <p class=\"u-text u-text-default u-text-2\"> Na \u0142amach naszej strony umie\u015bcili\u015bmy r\u00f3wnie\u017c informacj\u0119 o ewentualnych wskazaniach do stosowania olejk\u00f3w CBD. Dla u\u0142atwienia dodajmy tylko, \u017ce produkty te maj\u0105 szerokie spektrum dzia\u0142ania w wielu terapiach. Do podstawowych grup, kt\u00f3re mo\u017cemy tu zaliczy\u0107, nale\u017c\u0105 osoby borykaj\u0105ce si\u0119 z:<br>* epilepsj\u0119,<br>* psychoz\u0119 i stany l\u0119kowe,<br>* w leczeniu nowotwor\u00f3w,<br>* zaburzenia autystyczne,<br>* chorob\u0119 Parkinsona,<br>* Alzheimera i innych. \n                  <\/p>\n                <\/div>\n              <\/div>\n            <\/div>\n          <\/div>\n        <\/div>\n      <\/div>\n    <\/section>\n    <section class=\"u-clearfix u-palette-3-base u-section-5\" id=\"sec-3ce5\">\n      <div class=\"u-clearfix u-sheet u-valign-middle u-sheet-1\">\n        <h3 class=\"u-text u-text-1\"> Jak to wygl\u0105da z t\u0105 ich legalno\u015bci\u0105?<\/h3>\n        <p class=\"u-text u-text-2\">\n          <span style=\"font-weight: 700;\">Wed\u0142ug akt\u00f3w prawnych Unii Europejskiej, maksymalne dozwolone st\u0119\u017cenie THC jako substancji psychoaktywnych musi obowi\u0105zkowo wynosi\u0107 poni\u017cej <span style=\"font-weight: 700;\">0,3%<\/span>. \n          <\/span> Jak ju\u017c wcze\u015bniej wspomnieli\u015bmy, olejki s\u0105 bogate w CBD, kt\u00f3re nie wykazuje dzia\u0142ania psychoaktywnego, z kolei poziom zawartego w nich THC jest nieznaczny, co sprawia, \u017ce s\u0105 one w pe\u0142ni legalne, spe\u0142niaj\u0105 wymogi prawa i mo\u017cna je bez obaw o kolizj\u0119 z prawem powszechnie sprzedawa\u0107, kupowa\u0107 i u\u017cywa\u0107.<br>\n          <br>Nie zapominajmy te\u017c, \u017ce w przypadku, gdy si\u0119gniemy po takie produkty po raz pierwszy i nie do ko\u0144ca orientujemy si\u0119, kt\u00f3ry z nich wybra\u0107 i jak go wykorzystywa\u0107 - zasi\u0119gnijmy opinii, doradztwa sprzedawcy lub innego eksperta w tej bran\u017cy, zamiast samodzielnie przeprowadza\u0107 do\u015bwiadczenia na w\u0142asnym zdrowiu, mimo \u017ce CBD uznawane jest za substancj\u0119 ca\u0142kowicie bezpieczn\u0105. \n        <\/p>\n      <\/div>\n    <\/section>\n    <section class=\"u-clearfix u-palette-3-base u-section-6\" id=\"carousel_9dcd\">\n      <div class=\"u-clearfix u-sheet u-valign-middle u-sheet-1\">\n        <h3 class=\"u-text u-text-1\"> Co jest najwa\u017cniejsze, aby o tym pami\u0119ta\u0107?<\/h3>\n        <p class=\"u-text u-text-2\">\n          <span style=\"font-weight: 700;\">\n            <span style=\"font-weight: 700;\"><\/span>Nale\u017cy przede wszystkim pami\u0119ta\u0107, \u017ce olejki CBD nie mog\u0105 stanowi\u0107 zamiennika dla rekomendowanej terapii lekowej lub leczenia zaleconego przez lekarza. \n          <\/span>\n          <br>\n          <br>Warto te\u017c pami\u0119ta\u0107, \u017ce tylko te, kt\u00f3re pochodz\u0105 z zaufanych i w pe\u0142ni legalnych \u017ar\u00f3de\u0142, zapewniaj\u0105 bezpieczne dla naszego zdrowia dzia\u0142anie. Nie nale\u017cy przy tym zapomina\u0107, \u017ce ka\u017cdy organizm mo\u017ce inaczej reagowa\u0107 na dany produkt.<br>\n          <br>Powinni\u015bmy zachowa\u0107 ostro\u017cno\u015b\u0107 szczeg\u00f3lnie przy podawaniu preparatu dzieciom, a tak\u017ce osobom stosuj\u0105cym du\u017ce dawki lek\u00f3w lub leki o zr\u00f3\u017cnicowanym sk\u0142adzie. Mimo \u017ce nie stwierdzono \u017cadnych szkodliwo\u015bci stosowania produkt\u00f3w z CBD - nie s\u0105 one polecane dla kobiet w okresie ci\u0105\u017cy i laktacji. \n        <\/p>\n      <\/div>\n    <\/section>\n    <section class=\"u-clearfix u-palette-3-base u-section-7\" id=\"sec-948f\">\n      <div class=\"u-clearfix u-sheet u-valign-middle u-sheet-1\">\n        <div class=\"data-layout-selected u-clearfix u-expanded-width u-gutter-10 u-layout-wrap u-layout-wrap-1\">\n          <div class=\"u-layout\" style=\"\">\n            <div class=\"u-layout-row\" style=\"\">\n              <div class=\"u-align-left u-container-style u-image u-layout-cell u-left-cell u-size-17 u-size-xs-60 u-image-1\" src=\"\" data-image-width=\"1536\" data-image-height=\"1024\" style=\"background-image: url(&quot;https:\/\/marihuana.earth\/wp-content\/uploads\/2023\/12\/mbr-2-2.jpeg&quot;);\">\n                <div class=\"u-container-layout u-valign-middle u-container-layout-1\" src=\"\"><\/div>\n              <\/div>\n              <div class=\"u-align-left u-container-style u-layout-cell u-right-cell u-size-43 u-size-xs-60 u-white u-layout-cell-2\">\n                <div class=\"u-container-layout u-container-layout-2\">\n                  <h2 class=\"u-text u-text-default u-text-1\"> (CBD) Cannabidiol?<\/h2>\n                  <p class=\"u-text u-text-2\"> Jest on cz\u0119sto opisywany w mediach i mo\u017cna go zobaczy\u0107 dodawanego do porannej kawy, herbaty lub ciastek. Mo\u017cna nawet kupi\u0107 krem na noc z CBD. Ale czym dok\u0142adnie jest CBD? I dlaczego jest tak popularny?<\/p>\n                  <p class=\"u-text u-text-3\"> Kannabidiol, zwany r\u00f3wnie\u017c CBD, jest pozyskiwany z konopi, a nast\u0119pnie przetwarzany na r\u00f3\u017cne produkty, takie jak oleje, pasty, kremy, kapsu\u0142ki oraz gumy do \u017cucia.<\/p>\n                  <a href=\"\" class=\"u-border-1 u-border-active-palette-2-base u-border-hover-palette-1-base u-border-no-left u-border-no-right u-border-no-top u-border-palette-2-base u-btn u-button-style u-none u-text-palette-1-base u-btn-1\">Wi\u0119cej informacji znajdziesz tutaj<\/a>\n                <\/div>\n              <\/div>\n            <\/div>\n          <\/div>\n        <\/div>\n      <\/div>\n    <\/section>\n    \n    \n    \n  \n","protected":false},"excerpt":{"rendered":"<p>Olejki CBD Pokr\u00f3tce przypomnijmy, \u017ce olej ten otrzymuje si\u0119 z konopi, a jego aktywnym sk\u0142adnikiem jest kannabidiol, potocznie nazywany CBD, kt\u00f3ry oddzia\u0142uje na ludzki uk\u0142ad endokannabidiolowy. S\u0105 dost\u0119pne w r\u00f3\u017cnych st\u0119\u017ceniach procentowych i mog\u0105 r\u00f3\u017cni\u0107 si\u0119 pod wzgl\u0119dem zawarto\u015bci konkretnych aktywnych substancji:* kannabinoid\u00f3w,* terpen\u00f3w,* flawonoid\u00f3w,* witamin i pierwiastk\u00f3w.* r\u00f3\u017cnorodno\u015b\u0107 kolor\u00f3w, smak\u00f3w i zapach\u00f3w.Oleje o ciemniejszym &hellip; <a href=\"https:\/\/marihuana.earth\/?page_id=53\" class=\"more-link\">Continue reading<span class=\"screen-reader-text\"> &#8222;Olejki CBD&#8221;<\/span><\/a><\/p>\n","protected":false},"author":1,"featured_media":0,"parent":0,"menu_order":2,"comment_status":"closed","ping_status":"closed","template":"","meta":{"footnotes":""},"class_list":["post-53","page","type-page","status-publish","hentry"],"_links":{"self":[{"href":"https:\/\/marihuana.earth\/index.php?rest_route=\/wp\/v2\/pages\/53","targetHints":{"allow":["GET"]}}],"collection":[{"href":"https:\/\/marihuana.earth\/index.php?rest_route=\/wp\/v2\/pages"}],"about":[{"href":"https:\/\/marihuana.earth\/index.php?rest_route=\/wp\/v2\/types\/page"}],"author":[{"embeddable":true,"href":"https:\/\/marihuana.earth\/index.php?rest_route=\/wp\/v2\/users\/1"}],"replies":[{"embeddable":true,"href":"https:\/\/marihuana.earth\/index.php?rest_route=%2Fwp%2Fv2%2Fcomments&post=53"}],"version-history":[{"count":2,"href":"https:\/\/marihuana.earth\/index.php?rest_route=\/wp\/v2\/pages\/53\/revisions"}],"predecessor-version":[{"id":119,"href":"https:\/\/marihuana.earth\/index.php?rest_route=\/wp\/v2\/pages\/53\/revisions\/119"}],"wp:attachment":[{"href":"https:\/\/marihuana.earth\/index.php?rest_route=%2Fwp%2Fv2%2Fmedia&parent=53"}],"curies":[{"name":"wp","href":"https:\/\/api.w.org\/{rel}","templated":true}]}}