{"id":52,"date":"2023-12-21T21:38:44","date_gmt":"2023-12-21T20:38:44","guid":{"rendered":"https:\/\/marihuana.earth\/?page_id=52"},"modified":"2023-12-23T19:19:26","modified_gmt":"2023-12-23T18:19:26","slug":"napar-cbd","status":"publish","type":"page","link":"https:\/\/marihuana.earth\/?page_id=52","title":{"rendered":"Napar CBD"},"content":{"rendered":"\n    \n    <section class=\"u-carousel u-slide u-valign-middle u-block-0fb4-1\" id=\"carousel-62b1\" data-interval=\"5000\" data-u-ride=\"carousel\">\n      <ol class=\"u-absolute-hcenter u-carousel-indicators u-block-0fb4-2\">\n        <li data-u-target=\"#carousel-62b1\" class=\"u-active u-grey-30\" data-u-slide-to=\"0\"><\/li>\n      <\/ol>\n      <div class=\"u-carousel-inner\" role=\"listbox\">\n        <div class=\"u-active u-align-center u-carousel-item u-clearfix u-image u-shading u-section-2-1\" src=\"\" data-image-width=\"1536\" data-image-height=\"1024\" style=\"background-image: linear-gradient(0deg, rgba(0, 0, 0, 0.4), rgba(0, 0, 0, 0.4)), url(&quot;https:\/\/marihuana.earth\/wp-content\/uploads\/2023\/12\/mbr-2-2.jpeg&quot;);\">\n          <div class=\"u-clearfix u-sheet u-sheet-1\"><\/div>\n        <\/div>\n      <\/div>\n      <a class=\"u-absolute-vcenter u-black u-carousel-control u-carousel-control-prev u-hidden u-icon-circle u-text-palette-2-base u-block-0fb4-3\" href=\"#carousel-62b1\" role=\"button\" data-u-slide=\"prev\">\n        <span aria-hidden=\"true\">\n          <svg viewBox=\"0 0 129 129\"><path d=\"m64.5,122.6c32,0 58.1-26 58.1-58.1s-26-58-58.1-58-58,26-58,58 26,58.1 58,58.1zm0-108c27.5,5.32907e-15 49.9,22.4 49.9,49.9s-22.4,49.9-49.9,49.9-49.9-22.4-49.9-49.9 22.4-49.9 49.9-49.9z\"><\/path><path d=\"m70,93.5c0.8,0.8 1.8,1.2 2.9,1.2 1,0 2.1-0.4 2.9-1.2 1.6-1.6 1.6-4.2 0-5.8l-23.5-23.5 23.5-23.5c1.6-1.6 1.6-4.2 0-5.8s-4.2-1.6-5.8,0l-26.4,26.4c-0.8,0.8-1.2,1.8-1.2,2.9s0.4,2.1 1.2,2.9l26.4,26.4z\"><\/path><\/svg>\n        <\/span>\n        <span class=\"sr-only\">\n          <svg viewBox=\"0 0 129 129\"><path d=\"m64.5,122.6c32,0 58.1-26 58.1-58.1s-26-58-58.1-58-58,26-58,58 26,58.1 58,58.1zm0-108c27.5,5.32907e-15 49.9,22.4 49.9,49.9s-22.4,49.9-49.9,49.9-49.9-22.4-49.9-49.9 22.4-49.9 49.9-49.9z\"><\/path><path d=\"m70,93.5c0.8,0.8 1.8,1.2 2.9,1.2 1,0 2.1-0.4 2.9-1.2 1.6-1.6 1.6-4.2 0-5.8l-23.5-23.5 23.5-23.5c1.6-1.6 1.6-4.2 0-5.8s-4.2-1.6-5.8,0l-26.4,26.4c-0.8,0.8-1.2,1.8-1.2,2.9s0.4,2.1 1.2,2.9l26.4,26.4z\"><\/path><\/svg>\n        <\/span>\n      <\/a>\n      <a class=\"u-black u-carousel-control u-carousel-control-next u-hidden u-icon-circle u-text-palette-2-base u-block-0fb4-4\" href=\"#carousel-62b1\" role=\"button\" data-u-slide=\"next\">\n        <span aria-hidden=\"true\">\n          <svg viewBox=\"0 0 129 129\"><path d=\"M64.5,122.6c32,0,58.1-26,58.1-58.1S96.5,6.4,64.5,6.4S6.4,32.5,6.4,64.5S32.5,122.6,64.5,122.6z M64.5,14.6    c27.5,0,49.9,22.4,49.9,49.9S92,114.4,64.5,114.4S14.6,92,14.6,64.5S37,14.6,64.5,14.6z\"><\/path><path d=\"m51.1,93.5c0.8,0.8 1.8,1.2 2.9,1.2 1,0 2.1-0.4 2.9-1.2l26.4-26.4c0.8-0.8 1.2-1.8 1.2-2.9 0-1.1-0.4-2.1-1.2-2.9l-26.4-26.4c-1.6-1.6-4.2-1.6-5.8,0-1.6,1.6-1.6,4.2 0,5.8l23.5,23.5-23.5,23.5c-1.6,1.6-1.6,4.2 0,5.8z\"><\/path><\/svg>\n        <\/span>\n        <span class=\"sr-only\">\n          <svg viewBox=\"0 0 129 129\"><path d=\"M64.5,122.6c32,0,58.1-26,58.1-58.1S96.5,6.4,64.5,6.4S6.4,32.5,6.4,64.5S32.5,122.6,64.5,122.6z M64.5,14.6    c27.5,0,49.9,22.4,49.9,49.9S92,114.4,64.5,114.4S14.6,92,14.6,64.5S37,14.6,64.5,14.6z\"><\/path><path d=\"m51.1,93.5c0.8,0.8 1.8,1.2 2.9,1.2 1,0 2.1-0.4 2.9-1.2l26.4-26.4c0.8-0.8 1.2-1.8 1.2-2.9 0-1.1-0.4-2.1-1.2-2.9l-26.4-26.4c-1.6-1.6-4.2-1.6-5.8,0-1.6,1.6-1.6,4.2 0,5.8l23.5,23.5-23.5,23.5c-1.6,1.6-1.6,4.2 0,5.8z\"><\/path><\/svg>\n        <\/span>\n      <\/a>\n    <\/section>\n    <section class=\"u-clearfix u-section-3\" id=\"sec-49a5\">\n      <div class=\"u-clearfix u-sheet u-valign-middle u-sheet-1\">\n        <div class=\"data-layout-selected u-clearfix u-expanded-width u-layout-wrap u-palette-3-base u-layout-wrap-1\">\n          <div class=\"u-layout\">\n            <div class=\"u-layout-row\">\n              <div class=\"u-container-style u-image u-layout-cell u-size-17 u-image-1\" data-image-width=\"1920\" data-image-height=\"1277\" style=\"background-image: url(&quot;https:\/\/marihuana.earth\/wp-content\/uploads\/2023\/12\/mbr-6-2.jpg&quot;);\">\n                <div class=\"u-container-layout u-container-layout-1\"><\/div>\n              <\/div>\n              <div class=\"u-container-style u-layout-cell u-size-43 u-layout-cell-2\">\n                <div class=\"u-container-layout u-container-layout-2\">\n                  <h4 class=\"u-text u-text-default u-text-1\"> CO TO JEST NAPAR Z KWIAT\u00d3W KONOPI?<\/h4>\n                  <p class=\"u-text u-text-default u-text-2\"> Gor\u0105cy napar ze sproszkowanych\/zmielonych li\u015bci i kwiat\u00f3w konopi. Zamiast li\u015bci konopi do przygotowania naparu mo\u017cna te\u017c u\u017cy\u0107 kropli oleju CBD; mo\u017ce mie\u0107 nieco inny smak i by\u0107 jeszcze skuteczniejszy.<br>\n                  <\/p>\n                <\/div>\n              <\/div>\n            <\/div>\n          <\/div>\n        <\/div>\n      <\/div>\n    <\/section>\n    <section class=\"u-align-center u-clearfix u-section-4\" id=\"sec-8aa9\">\n      <div class=\"u-clearfix u-sheet u-valign-middle u-sheet-1\">\n        <div class=\"data-layout-selected u-clearfix u-expanded-width u-layout-wrap u-layout-wrap-1\">\n          <div class=\"u-gutter-0 u-layout\">\n            <div class=\"u-layout-row\">\n              <div class=\"u-container-style u-layout-cell u-size-30 u-layout-cell-1\">\n                <div class=\"u-container-layout u-container-layout-1\">\n                  <p class=\"u-text u-text-default u-text-1\"> Nale\u017cy pami\u0119ta\u0107, \u017ce napar konopny nie ma dzia\u0142ania psychotropowego, wi\u0119c nie mo\u017cna si\u0119 po niej na\u0107pa\u0107. Wiele os\u00f3b uwa\u017ca, \u017ce fakt, i\u017c konopie nale\u017c\u0105 do rodziny ro\u015blin konopi, oznacza, \u017ce one lub produkty z nich wytwarzane mog\u0105 wywo\u0142ywa\u0107 uczucie odurzenia.<br>\n                    <br>Napar posiada wszystkie potencjalne korzy\u015bci zdrowotne CBD, dzi\u0119ki wysokiej zawarto\u015bci kannabinoid\u00f3w.&nbsp;<br>W rezultacie nap\u00f3j ten mo\u017ce pom\u00f3c w zwalczaniu stan\u00f3w zapalnych i b\u00f3lu, a tak\u017ce niepokoju i odporno\u015bci.<br>\n                    <br>Stosuj\u0105c ten suplement, mo\u017cesz mie\u0107 pewno\u015b\u0107, \u017ce otrzymujesz wszystkie p\u0142yny niezb\u0119dne do utrzymania optymalnego stanu zdrowia. Dzi\u0119ki niemu otrzymujesz r\u00f3wnie\u017c dodatkowy zastrzyk korzy\u015bci leczniczych z ro\u015bliny konopi.<br>\n                    <br>\n                    <span style=\"font-weight: 700;\">PRZYGOTOWYWANIE NAPARU&nbsp;<\/span>\n                    <br>\n                    <span style=\"font-weight: 700;\">Z KWIAT\u00d3W KONOPI - PODSUMOWANIE<\/span>\n                    <br>\n                    <br>Napar z kwiat\u00f3w konopi zawiera du\u017ce ilo\u015bci prozdrowotnych kannabinoid\u00f3w, flawonoid\u00f3w i terpen\u00f3w. Kiedy spo\u017cywa si\u0119 te sk\u0142adniki razem, wyst\u0119puje efekt \"entourage\", kt\u00f3ry zapewnia pe\u0142ne korzy\u015bci p\u0142yn\u0105ce z CBD.<br>\n                    <br>Istnieje wiele r\u00f3\u017cnych rodzaj\u00f3w kwiat\u00f3w konopi, ale najlepsze s\u0105 te produkowane z konopi organicznych o jako\u015bci rzemie\u015blniczej. Je\u015bli chcesz w pe\u0142ni wykorzysta\u0107 mo\u017cliwo\u015bci swojego naparu, powiniene\u015b wiedzie\u0107, jak go przygotowa\u0107. Nast\u0119pnie, w zale\u017cno\u015bci od upodoba\u0144, mo\u017cna doda\u0107 nieco wi\u0119cej.&nbsp;<br>\n                  <\/p>\n                <\/div>\n              <\/div>\n              <div class=\"u-container-style u-layout-cell u-size-30 u-layout-cell-2\">\n                <div class=\"u-container-layout u-container-layout-2\">\n                  <p class=\"u-text u-text-default u-text-2\">\n                    <span style=\"font-weight: 700;\">ZALETY<\/span>\n                    <br>\n                    <br>\n                    <span style=\"font-style: italic;\"> Od\u015bwie\u017ca i nawil\u017ca<\/span>\n                    <br>Picie du\u017cej ilo\u015bci p\u0142yn\u00f3w w ci\u0105gu dnia mo\u017ce pom\u00f3c w zachowaniu zdrowia. Jednak wiele os\u00f3b nie spo\u017cywa wystarczaj\u0105cej ilo\u015bci wody w ci\u0105gu dnia. Niekt\u00f3rzy uwa\u017caj\u0105, \u017ce zwyk\u0142a woda jest po prostu nieciekawa w por\u00f3wnaniu z naparem konopnym. Napar podobnie jak woda, mo\u017ce r\u00f3wnie dobrze nawadnia\u0107 organizm, a przy tym jest nieco mniejszy ni\u017c woda.<br>\n                    <br>\n                    <span style=\"font-style: italic;\">Jest smaczny<\/span>\n                    <br>Wiele os\u00f3b twierdzi, \u017ce olej CBD ma ostry smak. Mo\u017cesz jednak uzyska\u0107 te same korzy\u015bci terapeutyczne, pij\u0105c napar konopny, kt\u00f3ry ma \u0142agodniejszy smak. Dodaj wod\u0119 i s\u0142odzik lub inny \u015brodek aromatyzuj\u0105cy, aby smak oleju CBD by\u0142 \u0142agodniejszy, je\u015bli zdecydujesz si\u0119 u\u017cy\u0107 go do przygotowania naparu.<br>\n                    <br>\n                    <span style=\"font-style: italic;\">Dobre na trawienie<\/span>\n                    <br>Ciep\u0142e mleko mo\u017ce r\u00f3wnie\u017c pom\u00f3c Ci lepiej spa\u0107, poniewa\u017c jest naturalnym \u015brodkiem relaksacyjnym. Picie naparu przed snem bez w\u0105tpienia pomo\u017ce Ci szybciej zasn\u0105\u0107, poniewa\u017c dzia\u0142a ona koj\u0105co na \u017co\u0142\u0105dek. Fili\u017canka mo\u017ce pom\u00f3c w pozbyciu si\u0119 rozstroju \u017co\u0142\u0105dka lub wzd\u0119\u0107.<br>\n                    <br>Jak wida\u0107, istnieje wiele powod\u00f3w, dla kt\u00f3rych warto wypi\u0107 fili\u017cank\u0119 naparu. \n                  <\/p>\n                <\/div>\n              <\/div>\n            <\/div>\n          <\/div>\n        <\/div>\n      <\/div>\n    <\/section>\n    <section class=\"u-clearfix u-palette-3-base u-section-5\" id=\"sec-948f\">\n      <div class=\"u-clearfix u-sheet u-valign-middle u-sheet-1\">\n        <div class=\"data-layout-selected u-clearfix u-expanded-width u-gutter-10 u-layout-wrap u-layout-wrap-1\">\n          <div class=\"u-layout\" style=\"\">\n            <div class=\"u-layout-row\" style=\"\">\n              <div class=\"u-align-left u-container-style u-image u-layout-cell u-left-cell u-size-17 u-size-xs-60 u-image-1\" src=\"\" data-image-width=\"1536\" data-image-height=\"1024\" style=\"background-image: url(&quot;https:\/\/marihuana.earth\/wp-content\/uploads\/2023\/12\/mbr-2-2.jpeg&quot;);\">\n                <div class=\"u-container-layout u-valign-middle u-container-layout-1\" src=\"\"><\/div>\n              <\/div>\n              <div class=\"u-align-left u-container-style u-layout-cell u-right-cell u-size-43 u-size-xs-60 u-white u-layout-cell-2\">\n                <div class=\"u-container-layout u-container-layout-2\">\n                  <h2 class=\"u-text u-text-default u-text-1\"> (CBD) Cannabidiol?<\/h2>\n                  <p class=\"u-text u-text-2\"> Jest on cz\u0119sto opisywany w mediach i mo\u017cna go zobaczy\u0107 dodawanego do porannej kawy, herbaty lub ciastek. Mo\u017cna nawet kupi\u0107 krem na noc z CBD. Ale czym dok\u0142adnie jest CBD? I dlaczego jest tak popularny?<\/p>\n                  <p class=\"u-text u-text-3\"> Kannabidiol, zwany r\u00f3wnie\u017c CBD, jest pozyskiwany z konopi, a nast\u0119pnie przetwarzany na r\u00f3\u017cne produkty, takie jak oleje, pasty, kremy, kapsu\u0142ki oraz gumy do \u017cucia.<\/p>\n                  <a href=\"\" class=\"u-border-1 u-border-active-palette-2-base u-border-hover-palette-1-base u-border-no-left u-border-no-right u-border-no-top u-border-palette-2-base u-btn u-button-style u-none u-text-palette-1-base u-btn-1\">Wi\u0119cej informacji znajdziesz tutaj<\/a>\n                <\/div>\n              <\/div>\n            <\/div>\n          <\/div>\n        <\/div>\n      <\/div>\n    <\/section>\n    \n    \n    \n  \n","protected":false},"excerpt":{"rendered":"<p>CO TO JEST NAPAR Z KWIAT\u00d3W KONOPI? Gor\u0105cy napar ze sproszkowanych\/zmielonych li\u015bci i kwiat\u00f3w konopi. Zamiast li\u015bci konopi do przygotowania naparu mo\u017cna te\u017c u\u017cy\u0107 kropli oleju CBD; mo\u017ce mie\u0107 nieco inny smak i by\u0107 jeszcze skuteczniejszy. Nale\u017cy pami\u0119ta\u0107, \u017ce napar konopny nie ma dzia\u0142ania psychotropowego, wi\u0119c nie mo\u017cna si\u0119 po niej na\u0107pa\u0107. Wiele os\u00f3b uwa\u017ca, &hellip; <a href=\"https:\/\/marihuana.earth\/?page_id=52\" class=\"more-link\">Continue reading<span class=\"screen-reader-text\"> &#8222;Napar CBD&#8221;<\/span><\/a><\/p>\n","protected":false},"author":1,"featured_media":0,"parent":0,"menu_order":1,"comment_status":"closed","ping_status":"closed","template":"","meta":{"footnotes":""},"class_list":["post-52","page","type-page","status-publish","hentry"],"_links":{"self":[{"href":"https:\/\/marihuana.earth\/index.php?rest_route=\/wp\/v2\/pages\/52","targetHints":{"allow":["GET"]}}],"collection":[{"href":"https:\/\/marihuana.earth\/index.php?rest_route=\/wp\/v2\/pages"}],"about":[{"href":"https:\/\/marihuana.earth\/index.php?rest_route=\/wp\/v2\/types\/page"}],"author":[{"embeddable":true,"href":"https:\/\/marihuana.earth\/index.php?rest_route=\/wp\/v2\/users\/1"}],"replies":[{"embeddable":true,"href":"https:\/\/marihuana.earth\/index.php?rest_route=%2Fwp%2Fv2%2Fcomments&post=52"}],"version-history":[{"count":2,"href":"https:\/\/marihuana.earth\/index.php?rest_route=\/wp\/v2\/pages\/52\/revisions"}],"predecessor-version":[{"id":89,"href":"https:\/\/marihuana.earth\/index.php?rest_route=\/wp\/v2\/pages\/52\/revisions\/89"}],"wp:attachment":[{"href":"https:\/\/marihuana.earth\/index.php?rest_route=%2Fwp%2Fv2%2Fmedia&parent=52"}],"curies":[{"name":"wp","href":"https:\/\/api.w.org\/{rel}","templated":true}]}}